{"id":195,"date":"2020-05-13T19:19:18","date_gmt":"2020-05-13T22:19:18","guid":{"rendered":"https:\/\/api-redemet.decea.mil.br\/cadastro-api\/?page_id=195"},"modified":"2024-12-16T10:55:12","modified_gmt":"2024-12-16T13:55:12","slug":"cadastro-api","status":"publish","type":"page","link":"https:\/\/api-redemet.decea.mil.br\/cadastro-api\/","title":{"rendered":"Cadastro API"},"content":{"rendered":"\n<p>Informamos que o cadastro de chaves de API est\u00e1 temporariamente suspenso devido \u00e0 realiza\u00e7\u00e3o de manuten\u00e7\u00e3o programada em nosso sistema.<\/p>\n\n\n\n<p>Caso tenha necessidade urgente de uma chave de API, solicitamos que entre em contato com o nosso <a href=\"https:\/\/servicos.decea.mil.br\/sac\/?a=atd&amp;c=331\" data-type=\"URL\" data-id=\"https:\/\/servicos.decea.mil.br\/sac\/?a=atd&amp;c=331\">Servi\u00e7o de Atendimento ao Cliente (SAC)<\/a> para que possamos auxili\u00e1-lo de forma personalizada.<\/p>\n\n\n\n<p>Agradecemos pela compreens\u00e3o e estamos \u00e0 disposi\u00e7\u00e3o para quaisquer esclarecimentos.<\/p>\n","protected":false},"excerpt":{"rendered":"<p>Informamos que o cadastro de chaves de API est\u00e1 temporariamente suspenso devido \u00e0 realiza\u00e7\u00e3o de manuten\u00e7\u00e3o programada em nosso sistema. Caso tenha necessidade urgente de uma chave de API, solicitamos que entre em contato com o nosso Servi\u00e7o de Atendimento ao Cliente (SAC) para que possamos auxili\u00e1-lo de forma personalizada. [&hellip;]<\/p>\n","protected":false},"author":4,"featured_media":0,"parent":0,"menu_order":0,"comment_status":"closed","ping_status":"closed","template":"","meta":{"_bbp_topic_count":0,"_bbp_reply_count":0,"_bbp_total_topic_count":0,"_bbp_total_reply_count":0,"_bbp_voice_count":0,"_bbp_anonymous_reply_count":0,"_bbp_topic_count_hidden":0,"_bbp_reply_count_hidden":0,"_bbp_forum_subforum_count":0},"_links":{"self":[{"href":"https:\/\/api-redemet.decea.mil.br\/cadastro-api\/wp-json\/wp\/v2\/pages\/195"}],"collection":[{"href":"https:\/\/api-redemet.decea.mil.br\/cadastro-api\/wp-json\/wp\/v2\/pages"}],"about":[{"href":"https:\/\/api-redemet.decea.mil.br\/cadastro-api\/wp-json\/wp\/v2\/types\/page"}],"author":[{"embeddable":true,"href":"https:\/\/api-redemet.decea.mil.br\/cadastro-api\/wp-json\/wp\/v2\/users\/4"}],"replies":[{"embeddable":true,"href":"https:\/\/api-redemet.decea.mil.br\/cadastro-api\/wp-json\/wp\/v2\/comments?post=195"}],"version-history":[{"count":10,"href":"https:\/\/api-redemet.decea.mil.br\/cadastro-api\/wp-json\/wp\/v2\/pages\/195\/revisions"}],"predecessor-version":[{"id":3079,"href":"https:\/\/api-redemet.decea.mil.br\/cadastro-api\/wp-json\/wp\/v2\/pages\/195\/revisions\/3079"}],"wp:attachment":[{"href":"https:\/\/api-redemet.decea.mil.br\/cadastro-api\/wp-json\/wp\/v2\/media?parent=195"}],"curies":[{"name":"wp","href":"https:\/\/api.w.org\/{rel}","templated":true}]}}